{"id":4601,"date":"2024-12-01T20:26:59","date_gmt":"2024-12-01T20:26:59","guid":{"rendered":"https:\/\/duassnetmedicals.com\/?product=comen-cm1200b-12-channel-ecg-machine"},"modified":"2024-12-01T20:26:59","modified_gmt":"2024-12-01T20:26:59","slug":"comen-cm1200b-12-channel-ecg-machine","status":"publish","type":"product","link":"https:\/\/duassnetmedicals.com\/?product=comen-cm1200b-12-channel-ecg-machine","title":{"rendered":"Comen CM1200B 12-Channel ECG Machine"},"content":{"rendered":"<h2><strong>Comen CM1200B 12-Channel ECG Machine<\/strong><\/h2>\n<p><strong>Product Features<\/strong><\/p>\n<ul>\n<li><strong>5.6-inch LCD display, high resolution image, easy to observe<\/strong><\/li>\n<li><strong>Aluminum alloy internal frame, shockproof, anti-drop protection, anti-interference<\/strong><\/li>\n<li><strong>Use the originally imported printing system, Clear and smooth printing<\/strong><\/li>\n<li><strong>Fully modular internal design for easy maintenance and upgrades<\/strong><\/li>\n<\/ul>\n<p><strong>Multiple printing modes<\/strong><\/p>\n<p><strong>With 12\u00d71, 6\u00d72   1R, 3\u00d74   3R, average template, automatic analysis, automatic diagnostic report and other printing modes<\/strong><\/p>\n<p><strong>Included with Monitor: <\/strong><\/p>\n<ul>\n<li><strong>12-lead ECG Cable (\u04444mm, banana connector, IEC) <\/strong><\/li>\n<li><strong>Adult Limb Clamp Electrodes(\u04443mm\/\u04444mm), 4pcs\/set<\/strong><\/li>\n<li><strong>Adult Precordial Suction Electrodes(\u04443mm\/\u04444mm), 6pcs\/set<\/strong><\/li>\n<li><strong>Recording Paper 215mm\u00d730m paper (roll)<\/strong><\/li>\n<li><strong>Printer Cabin Clapboard<\/strong><\/li>\n<li><strong>Screws PM 3.0*6MM<\/strong><\/li>\n<li><strong>Power Cord<\/strong><\/li>\n<li><strong>User Manual<\/strong><\/li>\n<\/ul>\n","protected":false},"excerpt":{"rendered":"<h2><strong>Comen CM1200B 12-Channel ECG Machine<\/strong><\/h2>\n<p><strong>Product Features<\/strong><\/p>\n<ul>\n<li><strong>5.6-inch LCD display, high resolution image, easy to observe<\/strong><\/li>\n<li><strong>Aluminum alloy internal frame, shockproof, anti-drop protection, anti-interference<\/strong><\/li>\n<li><strong>Use the originally imported printing system, Clear and smooth printing<\/strong><\/li>\n<li><strong>Fully modular internal design for easy maintenance and upgrades<\/strong><\/li>\n<\/ul>\n","protected":false},"featured_media":12384,"comment_status":"open","ping_status":"closed","template":"","meta":[],"product_brand":[],"product_cat":[422,421],"product_tag":[5848,5852,5465,5859,5854,5860,1034,5849,5853,5863,5541,5857,5855,719,959,5865,5862,1308,5861,5864,5851,5850,5856,5858,3050],"class_list":{"0":"post-4601","1":"product","2":"type-product","3":"status-publish","4":"has-post-thumbnail","6":"product_cat-abi-systems","7":"product_cat-specialised-diagnostics","8":"product_tag-abi-systems","9":"product_tag-applied-biosystems","10":"product_tag-blood-pressure-monitor","11":"product_tag-cardiac-diagnostics","12":"product_tag-cardiovascular-health","13":"product_tag-clinical-monitoring-systems","14":"product_tag-diagnostic-tools","15":"product_tag-ecg-monitors","16":"product_tag-health-monitoring-tools","17":"product_tag-health-tech-innovations","18":"product_tag-healthcare-gadgets","19":"product_tag-heart-health-devices","20":"product_tag-home-health-devices","21":"product_tag-medical-equipment","22":"product_tag-medical-technology","23":"product_tag-modern-medical-devices","24":"product_tag-non-invasive-testing","25":"product_tag-patient-care-equipment","26":"product_tag-portable-ecg-device","27":"product_tag-preventive-health-tools","28":"product_tag-specialized-diagnostics","29":"product_tag-sphygmomanometers","30":"product_tag-telehealth-solutions","31":"product_tag-vital-signs-monitor","32":"product_tag-wellness-technology","34":"first","35":"instock","36":"sale","37":"taxable","38":"shipping-taxable","39":"purchasable","40":"product-type-simple"},"_links":{"self":[{"href":"https:\/\/duassnetmedicals.com\/index.php?rest_route=\/wp\/v2\/product\/4601","targetHints":{"allow":["GET"]}}],"collection":[{"href":"https:\/\/duassnetmedicals.com\/index.php?rest_route=\/wp\/v2\/product"}],"about":[{"href":"https:\/\/duassnetmedicals.com\/index.php?rest_route=\/wp\/v2\/types\/product"}],"replies":[{"embeddable":true,"href":"https:\/\/duassnetmedicals.com\/index.php?rest_route=%2Fwp%2Fv2%2Fcomments&post=4601"}],"wp:featuredmedia":[{"embeddable":true,"href":"https:\/\/duassnetmedicals.com\/index.php?rest_route=\/wp\/v2\/media\/12384"}],"wp:attachment":[{"href":"https:\/\/duassnetmedicals.com\/index.php?rest_route=%2Fwp%2Fv2%2Fmedia&parent=4601"}],"wp:term":[{"taxonomy":"product_brand","embeddable":true,"href":"https:\/\/duassnetmedicals.com\/index.php?rest_route=%2Fwp%2Fv2%2Fproduct_brand&post=4601"},{"taxonomy":"product_cat","embeddable":true,"href":"https:\/\/duassnetmedicals.com\/index.php?rest_route=%2Fwp%2Fv2%2Fproduct_cat&post=4601"},{"taxonomy":"product_tag","embeddable":true,"href":"https:\/\/duassnetmedicals.com\/index.php?rest_route=%2Fwp%2Fv2%2Fproduct_tag&post=4601"}],"curies":[{"name":"wp","href":"https:\/\/api.w.org\/{rel}","templated":true}]}}